{"id":337,"date":"2024-08-01T17:14:02","date_gmt":"2024-08-01T17:14:02","guid":{"rendered":"https:\/\/lojasistemas.com\/?page_id=337"},"modified":"2024-08-01T17:14:02","modified_gmt":"2024-08-01T17:14:02","slug":"politica-de-cookies","status":"publish","type":"page","link":"https:\/\/lojasistemas.com\/index.php\/politica-de-cookies\/","title":{"rendered":"POL\u00cdTICA DE COOKIES"},"content":{"rendered":"\n<p>A Loja Sistemas utiliza cookies com o fim de lhe oferecer uma melhor experi\u00eancia de navega\u00e7\u00e3o, ajustando-se \u00e0s suas necessidades, aumentando assim a efici\u00eancia de resposta. Leia atentamente esta Pol\u00edtica de Cookies para se informar sobre o uso respons\u00e1vel que a Loja Sistemas faz delas e sobre as op\u00e7\u00f5es que tem para configurar o seu navegador. Descrevemos igualmente como usamos as cookies e algumas medidas de seguran\u00e7a que tomamos para proteger a sua privacidade.<br>O que s\u00e3o Cookies<br>As cookies s\u00e3o pequenos ficheiros de dados que s\u00e3o armazenadas no seu computador atrav\u00e9s do navegador \u2013 browser \u2013 identificando o seu computador no nosso servidor. Permitem-nos conhecer a frequ\u00eancia das suas visitas, o tempo das mesmas, os conte\u00fados mais selecionados, retendo assim apenas informa\u00e7\u00e3o referente \u00e0s suas prefer\u00eancias, eliminando a necessidade de introduzir repetidamente as mesmas informa\u00e7\u00f5es. As cookies n\u00e3o s\u00e3o utilizadas para recolher dados pessoais.<br>Que tipo de cookies existem<br>Existem dois grupos cookies:<\/p>\n\n\n\n<ol class=\"wp-block-list\">\n<li>Cookies permanentes \u2013 armazenadas ao n\u00edvel do browser nos seus equipamentos de acesso (PC, mobile e tablet) e que s\u00e3o utilizadas sempre que volta a usar o nosso website. S\u00e3o usadas, em regra, para melhorar a sua navega\u00e7\u00e3o e visita no nosso website, uma vez que direciona a navega\u00e7\u00e3o aos seus interesses, permitindo assim prestar um servi\u00e7o personalizado.<\/li>\n\n\n\n<li>Cookies de sess\u00e3o- tempor\u00e1rias que permanecem no arquivo de cookies do seu browser at\u00e9 sair do nosso website. A informa\u00e7\u00e3o obtida por estas auxilia a an\u00e1lise de padr\u00f5es de tr\u00e1fego na web, permitindo identificar problemas e fornecer uma melhor experi\u00eancia de navega\u00e7\u00e3o.<br>Quais as cookies que utilizamos e para que finalidade<br>Cookies estritamente necess\u00e1rios<br>Permitem que navegue no nosso website e utilize as suas aplica\u00e7\u00f5es, bem como aceder a \u00e1reas seguras do website. Sem estas cookies, os servi\u00e7os que tenha requerido n\u00e3o podem ser prestados.<br>Cookies anal\u00edticas<br>S\u00e3o utilizadas anonimamente para efeitos de cria\u00e7\u00e3o e an\u00e1lise de estat\u00edsticas, no sentido de melhorar o funcionamento do nosso website.<br>Cookies de autentica\u00e7\u00e3o<br>Utilizam-se para a manuten\u00e7\u00e3o da sess\u00e3o do utilizador durante cada visita, sendo dominantes em ambientes privados do site que precisam de um utilizador e palavra passe para o acesso.<br>Cookies de funcionalidade<br>Guardam as prefer\u00eancias do utilizador relativamente \u00e0 utiliza\u00e7\u00e3o do site, para que n\u00e3o seja necess\u00e1rio voltar a configurar o site cada vez que o visita.<br>Cookies de terceiros<br>Medem o sucesso de aplica\u00e7\u00f5es e a efic\u00e1cia da publicidade de terceiros.<br>Cookies de publicidade<br>Direcionam a publicidade em fun\u00e7\u00e3o dos interesses de cada utilizador, por forma a direcionar as campanhas publicit\u00e1rias tendo em conta os gostos dos utilizadores, sendo que, al\u00e9m disso, limitam a quantidade de vezes que v\u00ea o an\u00fancio, ajudando a medir a efic\u00e1cia da publicidade e o sucesso da organiza\u00e7\u00e3o do nosso website.<br>Quem acede \u00e0 informa\u00e7\u00e3o das cookies<br>A informa\u00e7\u00e3o armazenada nas cookies \u00e9 utilizada exclusivamente pela Loja Sistemas.<br>Como pode gerir ou desativar as cookies<br>Os navegadores \u2013 browser- permitem ao utilizador aceitar, recusar, apagar e bloquear as cookies atrav\u00e9s das configura\u00e7\u00f5es\/ defini\u00e7\u00f5es do navegador. Pode configurar as cookies no menu \u201cop\u00e7\u00f5es\u201d ou \u201cprefer\u00eancias\u201d do seu navegador. Com efeito, e caso deseje posteriormente eliminar as cookies armazenadas no seu computador, e que necessariamente precisem do seu consentimento, poder\u00e1 faz\u00ea-lo usando as ferramentas que o seu navegador lhe oferece para tal. Assim, e considerando os diferentes navegadores existentes, indica-se abaixo os seguintes endere\u00e7os para desativar as cookies:<br>Firefox: https:\/\/support.mozilla.org\/pt-PT\/kb\/ativar-e-desativar-cookies-que-os-websites-utiliza Internet Explorer: https:\/\/support.microsoft.com\/pt-pt\/help\/17442\/windows-internet-explorer-delete-manage-cookies<br>Chrome: https:\/\/support.google.com\/chrome\/answer\/95647?hl=pt Safari: https:\/\/support.apple.com\/pt-pt\/HT201265<br>Opera: http:\/\/help.opera.com\/Windows\/9.23\/pt\/cookies.html<br>Link<br>Para mais informa\u00e7\u00e3o sobre cookies sugerimos que visite http:\/\/www.allaboutcookies.org\/<br>Aceita\u00e7\u00e3o dos termos<br>Ao utilizar o nosso website, concorda com a recolha e uso das suas informa\u00e7\u00f5es conforme o estabelecido na presente Pol\u00edtica de Privacidade e Cookies. Mediante a aceita\u00e7\u00e3o da presente Pol\u00edtica de Privacidade e Cookies, o utilizador estar\u00e1 a consentir a gera\u00e7\u00e3o de cookies para as finalidades acima mencionadas. A Loja Sistemas pode modificar esta Pol\u00edtica de Privacidade e Cookies em fun\u00e7\u00e3o de exig\u00eancias legislativas, regulamentares, ou com a finalidade de adaptar a dita pol\u00edtica \u00e0s instru\u00e7\u00f5es e recomenda\u00e7\u00f5es ditadas pelos reguladores. Loja Sistemas pode ocasionalmente atualizar a sua Pol\u00edtica de Privacidade e Cookies, solicitando-se que reveja periodicamente este documento para se manter atualizado.<\/li>\n<\/ol>\n","protected":false},"excerpt":{"rendered":"<p>A Loja Sistemas utiliza cookies com o fim de lhe oferecer uma melhor experi\u00eancia de navega\u00e7\u00e3o, ajustando-se \u00e0s suas necessidades, aumentando assim a efici\u00eancia de resposta. Leia atentamente esta Pol\u00edtica de Cookies para se informar sobre o uso respons\u00e1vel que a Loja Sistemas faz delas e sobre as op\u00e7\u00f5es que tem para configurar o seu navegador. Descrevemos igualmente como usamos as cookies e algumas medidas de seguran\u00e7a que tomamos para proteger a sua privacidade.O que s\u00e3o CookiesAs cookies s\u00e3o pequenos ficheiros de dados que s\u00e3o armazenadas no seu computador atrav\u00e9s do navegador \u2013 browser \u2013 identificando o seu computador no nosso servidor. Permitem-nos conhecer a frequ\u00eancia das suas visitas, o tempo das mesmas, os conte\u00fados mais selecionados, retendo assim apenas informa\u00e7\u00e3o referente \u00e0s suas prefer\u00eancias, eliminando a necessidade de introduzir repetidamente as mesmas informa\u00e7\u00f5es. As cookies n\u00e3o s\u00e3o utilizadas para recolher dados pessoais.Que tipo de cookies existemExistem dois grupos cookies:<\/p>\n","protected":false},"author":1,"featured_media":0,"parent":0,"menu_order":0,"comment_status":"closed","ping_status":"closed","template":"","meta":{"footnotes":""},"class_list":["post-337","page","type-page","status-publish","hentry"],"_links":{"self":[{"href":"https:\/\/lojasistemas.com\/index.php\/wp-json\/wp\/v2\/pages\/337","targetHints":{"allow":["GET"]}}],"collection":[{"href":"https:\/\/lojasistemas.com\/index.php\/wp-json\/wp\/v2\/pages"}],"about":[{"href":"https:\/\/lojasistemas.com\/index.php\/wp-json\/wp\/v2\/types\/page"}],"author":[{"embeddable":true,"href":"https:\/\/lojasistemas.com\/index.php\/wp-json\/wp\/v2\/users\/1"}],"replies":[{"embeddable":true,"href":"https:\/\/lojasistemas.com\/index.php\/wp-json\/wp\/v2\/comments?post=337"}],"version-history":[{"count":1,"href":"https:\/\/lojasistemas.com\/index.php\/wp-json\/wp\/v2\/pages\/337\/revisions"}],"predecessor-version":[{"id":338,"href":"https:\/\/lojasistemas.com\/index.php\/wp-json\/wp\/v2\/pages\/337\/revisions\/338"}],"wp:attachment":[{"href":"https:\/\/lojasistemas.com\/index.php\/wp-json\/wp\/v2\/media?parent=337"}],"curies":[{"name":"wp","href":"https:\/\/api.w.org\/{rel}","templated":true}]}}