{"id":326,"date":"2024-08-01T17:00:12","date_gmt":"2024-08-01T17:00:12","guid":{"rendered":"https:\/\/lojasistemas.com\/?page_id=326"},"modified":"2024-08-01T17:02:55","modified_gmt":"2024-08-01T17:02:55","slug":"sobre-nos","status":"publish","type":"page","link":"https:\/\/lojasistemas.com\/index.php\/sobre-nos\/","title":{"rendered":"Sobre N\u00f3s"},"content":{"rendered":"\n<p>Com mais de 20 anos de experi\u00eancia somos uma empresa de inform\u00e1tica situada na Batalha. Possu\u00edmos instala\u00e7\u00f5es abertas ao p\u00fablico.<br>Vendemos e reparamos um leque de conceituadas marcas na \u00e1rea da inform\u00e1tica.<br>Privilegiamos acima de tudo a satisfa\u00e7\u00e3o do cliente apresentando as mais diversas solu\u00e7\u00f5es, hardware ou software de produtos com qualidade e fiabilidade. Satisfazendo os clientes mais exigentes, come\u00e7ando nos particulares, terminando em empresas privadas ou institui\u00e7\u00f5es p\u00fablicas.<\/p>\n","protected":false},"excerpt":{"rendered":"<p>Com mais de 20 anos de experi\u00eancia somos uma empresa de inform\u00e1tica situada na Batalha. Possu\u00edmos instala\u00e7\u00f5es abertas ao p\u00fablico.Vendemos e reparamos um leque de conceituadas marcas na \u00e1rea da inform\u00e1tica.Privilegiamos acima de tudo a satisfa\u00e7\u00e3o do cliente apresentando as mais diversas solu\u00e7\u00f5es, hardware ou software de produtos com qualidade e fiabilidade. Satisfazendo os clientes mais exigentes, come\u00e7ando nos particulares, terminando em empresas privadas ou institui\u00e7\u00f5es p\u00fablicas.<\/p>\n","protected":false},"author":1,"featured_media":0,"parent":0,"menu_order":0,"comment_status":"closed","ping_status":"closed","template":"","meta":{"footnotes":""},"class_list":["post-326","page","type-page","status-publish","hentry"],"_links":{"self":[{"href":"https:\/\/lojasistemas.com\/index.php\/wp-json\/wp\/v2\/pages\/326","targetHints":{"allow":["GET"]}}],"collection":[{"href":"https:\/\/lojasistemas.com\/index.php\/wp-json\/wp\/v2\/pages"}],"about":[{"href":"https:\/\/lojasistemas.com\/index.php\/wp-json\/wp\/v2\/types\/page"}],"author":[{"embeddable":true,"href":"https:\/\/lojasistemas.com\/index.php\/wp-json\/wp\/v2\/users\/1"}],"replies":[{"embeddable":true,"href":"https:\/\/lojasistemas.com\/index.php\/wp-json\/wp\/v2\/comments?post=326"}],"version-history":[{"count":2,"href":"https:\/\/lojasistemas.com\/index.php\/wp-json\/wp\/v2\/pages\/326\/revisions"}],"predecessor-version":[{"id":333,"href":"https:\/\/lojasistemas.com\/index.php\/wp-json\/wp\/v2\/pages\/326\/revisions\/333"}],"wp:attachment":[{"href":"https:\/\/lojasistemas.com\/index.php\/wp-json\/wp\/v2\/media?parent=326"}],"curies":[{"name":"wp","href":"https:\/\/api.w.org\/{rel}","templated":true}]}}